{"id":2,"date":"2024-11-10T18:22:34","date_gmt":"2024-11-10T18:22:34","guid":{"rendered":"https:\/\/drbartoszmalek.pl\/?page_id=2"},"modified":"2025-12-14T19:21:22","modified_gmt":"2025-12-14T19:21:22","slug":"sample-page","status":"publish","type":"page","link":"https:\/\/drbartoszmalek.pl\/index.php\/sample-page\/","title":{"rendered":"O mnie"},"content":{"rendered":"\n<p><\/p>\n\n\n\n<div class=\"wp-block-columns is-layout-flex wp-container-core-columns-is-layout-28f84493 wp-block-columns-is-layout-flex\">\n<div class=\"wp-block-column is-layout-flow wp-block-column-is-layout-flow\">\n<p>Nazywam si\u0119 Bartosz Ma\u0142ek, jestem specjalist\u0105 chirurgii og\u00f3lnej, flebologiem i endoskopist\u0105. Uko\u0144czy\u0142em Wydzia\u0142 Lekarski Warszawskiego Uniwersytetu Medycznego. Do\u015bwiadczenie zdobywa\u0142em pracuj\u0105c w szpitalach i poradniach w Warszawie i Otwocku oraz uczestnicz\u0105c w licznych kursach i konferencjach w kraju i za granic\u0105.<\/p>\n\n\n\n<p>Jestem cz\u0142onkiem:<\/p>\n\n\n\n<ul class=\"wp-block-list\">\n<li>Towarzystwa Chirurg\u00f3w Polskich,<\/li>\n\n\n\n<li>Polskiego Towarzystwa Flebologicznego,<\/li>\n\n\n\n<li>Sekcji Chirurgii Endoskopowej TCHP,<\/li>\n\n\n\n<li>Sekcji Przepuklinowej TCHP,<\/li>\n\n\n\n<li>Europejskiego Towarzystwa Przepuklinowego (European Hernia Society).<\/li>\n<\/ul>\n<\/div>\n\n\n\n<div class=\"wp-block-column is-layout-flow wp-block-column-is-layout-flow\">\n<figure class=\"wp-block-image alignright size-large is-style-rounded is-style-rounded--1\" style=\"margin-top:var(--wp--preset--spacing--40);margin-right:0;margin-bottom:var(--wp--preset--spacing--40);margin-left:0\"><img loading=\"lazy\" decoding=\"async\" width=\"723\" height=\"1024\" src=\"https:\/\/drbartoszmalek.pl\/wp-content\/uploads\/2024\/11\/20241124_125049_1-723x1024.jpg\" alt=\"\" class=\"wp-image-99\" srcset=\"https:\/\/drbartoszmalek.pl\/wp-content\/uploads\/2024\/11\/20241124_125049_1-723x1024.jpg 723w, https:\/\/drbartoszmalek.pl\/wp-content\/uploads\/2024\/11\/20241124_125049_1-212x300.jpg 212w, https:\/\/drbartoszmalek.pl\/wp-content\/uploads\/2024\/11\/20241124_125049_1-768x1087.jpg 768w, https:\/\/drbartoszmalek.pl\/wp-content\/uploads\/2024\/11\/20241124_125049_1-1085x1536.jpg 1085w, https:\/\/drbartoszmalek.pl\/wp-content\/uploads\/2024\/11\/20241124_125049_1-1447x2048.jpg 1447w, https:\/\/drbartoszmalek.pl\/wp-content\/uploads\/2024\/11\/20241124_125049_1-scaled.jpg 1808w\" sizes=\"auto, (max-width: 723px) 100vw, 723px\" \/><\/figure>\n<\/div>\n<\/div>\n\n\n\n<p>Chirurgia to nie tylko moja praca, ale r\u00f3wnie\u017c wielka pasja, kt\u00f3r\u0105 rozwijam od pocz\u0105tku mojej kariery zawodowej. Wieloletnia praktyka, liczne kursy i szkolenia pozwoli\u0142y mi na to, aby w ca\u0142ym procesie diagnostyczno-terapeutycznym wykazywa\u0107 jak najwy\u017csz\u0105 skuteczno\u015b\u0107, przy nacisku na zachowanie bezpiecze\u0144stwa pacjenta i minimalizacji ryzyka wyst\u0105pienia powik\u0142a\u0144. Wykorzystywanie najnowocze\u015bniejszych metod terapeutycznych z zakresu chirurgii minimalnie inwazyjnej, w sk\u0142ad kt\u00f3rych wchodzi chirurgia laparoskopowa, endoskopia czy zabiegi wewn\u0105trznaczyniowe w zakresie flebologii pozwalaj\u0105 mi na realizowanie powy\u017cszego celu. Jednak w chirurgii pasjonuj\u0105 mnie nie tylko zabiegi. Najwi\u0119ksz\u0105 warto\u015b\u0107 stanowi dla mnie rado\u015b\u0107 i dobre samopoczucie po zabiegach u moich pacjent\u00f3w.<\/p>\n\n\n\n<p><\/p>\n\n\n\n<h3 class=\"wp-block-heading\"><strong>Certyfikaty<\/strong><\/h3>\n\n\n\n<p><\/p>\n\n\n\n<figure class=\"wp-block-gallery has-nested-images columns-3 wp-block-gallery-2 is-layout-flex wp-block-gallery-is-layout-flex\">\n<figure class=\"wp-block-image size-medium\"><a href=\"https:\/\/drbartoszmalek.pl\/wp-content\/uploads\/2024\/12\/endo_dopp-1-scaled.jpg\"><img loading=\"lazy\" decoding=\"async\" width=\"300\" height=\"218\" data-id=\"203\" src=\"https:\/\/drbartoszmalek.pl\/wp-content\/uploads\/2024\/12\/endo_dopp-1-300x218.jpg\" alt=\"\" class=\"wp-image-203\" srcset=\"https:\/\/drbartoszmalek.pl\/wp-content\/uploads\/2024\/12\/endo_dopp-1-300x218.jpg 300w, https:\/\/drbartoszmalek.pl\/wp-content\/uploads\/2024\/12\/endo_dopp-1-1024x743.jpg 1024w, https:\/\/drbartoszmalek.pl\/wp-content\/uploads\/2024\/12\/endo_dopp-1-768x558.jpg 768w, https:\/\/drbartoszmalek.pl\/wp-content\/uploads\/2024\/12\/endo_dopp-1-1536x1115.jpg 1536w, https:\/\/drbartoszmalek.pl\/wp-content\/uploads\/2024\/12\/endo_dopp-1-2048x1487.jpg 2048w, https:\/\/drbartoszmalek.pl\/wp-content\/uploads\/2024\/12\/endo_dopp-1-600x436.jpg 600w\" sizes=\"auto, (max-width: 300px) 100vw, 300px\" \/><\/a><\/figure>\n\n\n\n<figure class=\"wp-block-image size-medium\"><a href=\"https:\/\/drbartoszmalek.pl\/wp-content\/uploads\/2024\/12\/endo_gopp-1-scaled.jpg\"><img loading=\"lazy\" decoding=\"async\" width=\"300\" height=\"218\" data-id=\"202\" src=\"https:\/\/drbartoszmalek.pl\/wp-content\/uploads\/2024\/12\/endo_gopp-1-300x218.jpg\" alt=\"\" class=\"wp-image-202\" srcset=\"https:\/\/drbartoszmalek.pl\/wp-content\/uploads\/2024\/12\/endo_gopp-1-300x218.jpg 300w, https:\/\/drbartoszmalek.pl\/wp-content\/uploads\/2024\/12\/endo_gopp-1-1024x743.jpg 1024w, https:\/\/drbartoszmalek.pl\/wp-content\/uploads\/2024\/12\/endo_gopp-1-768x558.jpg 768w, https:\/\/drbartoszmalek.pl\/wp-content\/uploads\/2024\/12\/endo_gopp-1-1536x1115.jpg 1536w, https:\/\/drbartoszmalek.pl\/wp-content\/uploads\/2024\/12\/endo_gopp-1-2048x1487.jpg 2048w, https:\/\/drbartoszmalek.pl\/wp-content\/uploads\/2024\/12\/endo_gopp-1-600x436.jpg 600w\" sizes=\"auto, (max-width: 300px) 100vw, 300px\" \/><\/a><\/figure>\n\n\n\n<figure class=\"wp-block-image size-medium\"><a href=\"https:\/\/drbartoszmalek.pl\/wp-content\/uploads\/2024\/12\/cadaver-1-scaled.jpg\"><img loading=\"lazy\" decoding=\"async\" width=\"300\" height=\"218\" data-id=\"196\" src=\"https:\/\/drbartoszmalek.pl\/wp-content\/uploads\/2024\/12\/cadaver-1-300x218.jpg\" alt=\"\" class=\"wp-image-196\" srcset=\"https:\/\/drbartoszmalek.pl\/wp-content\/uploads\/2024\/12\/cadaver-1-300x218.jpg 300w, https:\/\/drbartoszmalek.pl\/wp-content\/uploads\/2024\/12\/cadaver-1-1024x743.jpg 1024w, https:\/\/drbartoszmalek.pl\/wp-content\/uploads\/2024\/12\/cadaver-1-768x558.jpg 768w, https:\/\/drbartoszmalek.pl\/wp-content\/uploads\/2024\/12\/cadaver-1-1536x1115.jpg 1536w, https:\/\/drbartoszmalek.pl\/wp-content\/uploads\/2024\/12\/cadaver-1-2048x1487.jpg 2048w, https:\/\/drbartoszmalek.pl\/wp-content\/uploads\/2024\/12\/cadaver-1-600x436.jpg 600w\" sizes=\"auto, (max-width: 300px) 100vw, 300px\" \/><\/a><\/figure>\n\n\n\n<figure class=\"wp-block-image size-medium\"><a href=\"https:\/\/drbartoszmalek.pl\/wp-content\/uploads\/2024\/12\/akademia-flebologii-3-scaled.jpg\"><img loading=\"lazy\" decoding=\"async\" width=\"300\" height=\"218\" data-id=\"205\" src=\"https:\/\/drbartoszmalek.pl\/wp-content\/uploads\/2024\/12\/akademia-flebologii-3-300x218.jpg\" alt=\"\" class=\"wp-image-205\" srcset=\"https:\/\/drbartoszmalek.pl\/wp-content\/uploads\/2024\/12\/akademia-flebologii-3-300x218.jpg 300w, https:\/\/drbartoszmalek.pl\/wp-content\/uploads\/2024\/12\/akademia-flebologii-3-1024x743.jpg 1024w, https:\/\/drbartoszmalek.pl\/wp-content\/uploads\/2024\/12\/akademia-flebologii-3-768x558.jpg 768w, https:\/\/drbartoszmalek.pl\/wp-content\/uploads\/2024\/12\/akademia-flebologii-3-1536x1115.jpg 1536w, https:\/\/drbartoszmalek.pl\/wp-content\/uploads\/2024\/12\/akademia-flebologii-3-2048x1487.jpg 2048w, https:\/\/drbartoszmalek.pl\/wp-content\/uploads\/2024\/12\/akademia-flebologii-3-600x436.jpg 600w\" sizes=\"auto, (max-width: 300px) 100vw, 300px\" \/><\/a><\/figure>\n\n\n\n<figure class=\"wp-block-image size-medium\"><a href=\"https:\/\/drbartoszmalek.pl\/wp-content\/uploads\/2024\/12\/flebogrif-2-scaled.jpg\"><img loading=\"lazy\" decoding=\"async\" width=\"300\" height=\"218\" data-id=\"206\" src=\"https:\/\/drbartoszmalek.pl\/wp-content\/uploads\/2024\/12\/flebogrif-2-300x218.jpg\" alt=\"\" class=\"wp-image-206\" srcset=\"https:\/\/drbartoszmalek.pl\/wp-content\/uploads\/2024\/12\/flebogrif-2-300x218.jpg 300w, https:\/\/drbartoszmalek.pl\/wp-content\/uploads\/2024\/12\/flebogrif-2-1024x743.jpg 1024w, https:\/\/drbartoszmalek.pl\/wp-content\/uploads\/2024\/12\/flebogrif-2-768x558.jpg 768w, https:\/\/drbartoszmalek.pl\/wp-content\/uploads\/2024\/12\/flebogrif-2-1536x1115.jpg 1536w, https:\/\/drbartoszmalek.pl\/wp-content\/uploads\/2024\/12\/flebogrif-2-2048x1487.jpg 2048w, https:\/\/drbartoszmalek.pl\/wp-content\/uploads\/2024\/12\/flebogrif-2-600x436.jpg 600w\" sizes=\"auto, (max-width: 300px) 100vw, 300px\" \/><\/a><\/figure>\n\n\n\n<figure class=\"wp-block-image size-medium\"><a href=\"https:\/\/drbartoszmalek.pl\/wp-content\/uploads\/2024\/12\/usg1-1-scaled.jpg\"><img loading=\"lazy\" decoding=\"async\" width=\"300\" height=\"218\" data-id=\"199\" src=\"https:\/\/drbartoszmalek.pl\/wp-content\/uploads\/2024\/12\/usg1-1-300x218.jpg\" alt=\"\" class=\"wp-image-199\" srcset=\"https:\/\/drbartoszmalek.pl\/wp-content\/uploads\/2024\/12\/usg1-1-300x218.jpg 300w, https:\/\/drbartoszmalek.pl\/wp-content\/uploads\/2024\/12\/usg1-1-1024x743.jpg 1024w, https:\/\/drbartoszmalek.pl\/wp-content\/uploads\/2024\/12\/usg1-1-768x558.jpg 768w, https:\/\/drbartoszmalek.pl\/wp-content\/uploads\/2024\/12\/usg1-1-1536x1115.jpg 1536w, https:\/\/drbartoszmalek.pl\/wp-content\/uploads\/2024\/12\/usg1-1-2048x1487.jpg 2048w, https:\/\/drbartoszmalek.pl\/wp-content\/uploads\/2024\/12\/usg1-1-600x436.jpg 600w\" sizes=\"auto, (max-width: 300px) 100vw, 300px\" \/><\/a><\/figure>\n\n\n\n<figure class=\"wp-block-image size-medium\"><a href=\"https:\/\/drbartoszmalek.pl\/wp-content\/uploads\/2024\/12\/nasmed-1-scaled.jpg\"><img loading=\"lazy\" decoding=\"async\" width=\"300\" height=\"218\" data-id=\"195\" src=\"https:\/\/drbartoszmalek.pl\/wp-content\/uploads\/2024\/12\/nasmed-1-300x218.jpg\" alt=\"\" class=\"wp-image-195\" srcset=\"https:\/\/drbartoszmalek.pl\/wp-content\/uploads\/2024\/12\/nasmed-1-300x218.jpg 300w, https:\/\/drbartoszmalek.pl\/wp-content\/uploads\/2024\/12\/nasmed-1-1024x743.jpg 1024w, https:\/\/drbartoszmalek.pl\/wp-content\/uploads\/2024\/12\/nasmed-1-768x558.jpg 768w, https:\/\/drbartoszmalek.pl\/wp-content\/uploads\/2024\/12\/nasmed-1-1536x1115.jpg 1536w, https:\/\/drbartoszmalek.pl\/wp-content\/uploads\/2024\/12\/nasmed-1-2048x1487.jpg 2048w, https:\/\/drbartoszmalek.pl\/wp-content\/uploads\/2024\/12\/nasmed-1-600x436.jpg 600w\" sizes=\"auto, (max-width: 300px) 100vw, 300px\" \/><\/a><\/figure>\n\n\n\n<figure class=\"wp-block-image size-medium\"><a href=\"https:\/\/drbartoszmalek.pl\/wp-content\/uploads\/2024\/12\/venaseal-1-scaled.jpg\"><img loading=\"lazy\" decoding=\"async\" width=\"300\" height=\"218\" data-id=\"200\" src=\"https:\/\/drbartoszmalek.pl\/wp-content\/uploads\/2024\/12\/venaseal-1-300x218.jpg\" alt=\"\" class=\"wp-image-200\" srcset=\"https:\/\/drbartoszmalek.pl\/wp-content\/uploads\/2024\/12\/venaseal-1-300x218.jpg 300w, https:\/\/drbartoszmalek.pl\/wp-content\/uploads\/2024\/12\/venaseal-1-1024x743.jpg 1024w, https:\/\/drbartoszmalek.pl\/wp-content\/uploads\/2024\/12\/venaseal-1-768x558.jpg 768w, https:\/\/drbartoszmalek.pl\/wp-content\/uploads\/2024\/12\/venaseal-1-1536x1115.jpg 1536w, https:\/\/drbartoszmalek.pl\/wp-content\/uploads\/2024\/12\/venaseal-1-2048x1487.jpg 2048w, https:\/\/drbartoszmalek.pl\/wp-content\/uploads\/2024\/12\/venaseal-1-600x436.jpg 600w\" sizes=\"auto, (max-width: 300px) 100vw, 300px\" \/><\/a><\/figure>\n\n\n\n<figure class=\"wp-block-image size-medium\"><a href=\"https:\/\/drbartoszmalek.pl\/wp-content\/uploads\/2024\/12\/vipp-2-scaled.jpg\"><img loading=\"lazy\" decoding=\"async\" width=\"300\" height=\"218\" data-id=\"207\" src=\"https:\/\/drbartoszmalek.pl\/wp-content\/uploads\/2024\/12\/vipp-2-300x218.jpg\" alt=\"\" class=\"wp-image-207\" srcset=\"https:\/\/drbartoszmalek.pl\/wp-content\/uploads\/2024\/12\/vipp-2-300x218.jpg 300w, https:\/\/drbartoszmalek.pl\/wp-content\/uploads\/2024\/12\/vipp-2-1024x743.jpg 1024w, https:\/\/drbartoszmalek.pl\/wp-content\/uploads\/2024\/12\/vipp-2-768x558.jpg 768w, https:\/\/drbartoszmalek.pl\/wp-content\/uploads\/2024\/12\/vipp-2-1536x1115.jpg 1536w, https:\/\/drbartoszmalek.pl\/wp-content\/uploads\/2024\/12\/vipp-2-2048x1487.jpg 2048w, https:\/\/drbartoszmalek.pl\/wp-content\/uploads\/2024\/12\/vipp-2-600x436.jpg 600w\" sizes=\"auto, (max-width: 300px) 100vw, 300px\" \/><\/a><\/figure>\n\n\n\n<figure class=\"wp-block-image size-medium\"><a href=\"https:\/\/drbartoszmalek.pl\/wp-content\/uploads\/2025\/12\/kiss-paris-scaled.jpg\"><img loading=\"lazy\" decoding=\"async\" width=\"218\" height=\"300\" data-id=\"280\" src=\"https:\/\/drbartoszmalek.pl\/wp-content\/uploads\/2025\/12\/kiss-paris-218x300.jpg\" alt=\"\" class=\"wp-image-280\" srcset=\"https:\/\/drbartoszmalek.pl\/wp-content\/uploads\/2025\/12\/kiss-paris-218x300.jpg 218w, https:\/\/drbartoszmalek.pl\/wp-content\/uploads\/2025\/12\/kiss-paris-743x1024.jpg 743w, https:\/\/drbartoszmalek.pl\/wp-content\/uploads\/2025\/12\/kiss-paris-768x1058.jpg 768w, https:\/\/drbartoszmalek.pl\/wp-content\/uploads\/2025\/12\/kiss-paris-1115x1536.jpg 1115w, https:\/\/drbartoszmalek.pl\/wp-content\/uploads\/2025\/12\/kiss-paris-1487x2048.jpg 1487w, https:\/\/drbartoszmalek.pl\/wp-content\/uploads\/2025\/12\/kiss-paris-436x600.jpg 436w, https:\/\/drbartoszmalek.pl\/wp-content\/uploads\/2025\/12\/kiss-paris-scaled.jpg 1859w\" sizes=\"auto, (max-width: 218px) 100vw, 218px\" \/><\/a><\/figure>\n\n\n\n<figure class=\"wp-block-image size-medium\"><a href=\"https:\/\/drbartoszmalek.pl\/wp-content\/uploads\/2024\/12\/gdansk0324-1-scaled.jpg\"><img loading=\"lazy\" decoding=\"async\" width=\"218\" height=\"300\" data-id=\"204\" src=\"https:\/\/drbartoszmalek.pl\/wp-content\/uploads\/2024\/12\/gdansk0324-1-218x300.jpg\" alt=\"\" class=\"wp-image-204\" srcset=\"https:\/\/drbartoszmalek.pl\/wp-content\/uploads\/2024\/12\/gdansk0324-1-218x300.jpg 218w, https:\/\/drbartoszmalek.pl\/wp-content\/uploads\/2024\/12\/gdansk0324-1-743x1024.jpg 743w, https:\/\/drbartoszmalek.pl\/wp-content\/uploads\/2024\/12\/gdansk0324-1-768x1058.jpg 768w, https:\/\/drbartoszmalek.pl\/wp-content\/uploads\/2024\/12\/gdansk0324-1-1115x1536.jpg 1115w, https:\/\/drbartoszmalek.pl\/wp-content\/uploads\/2024\/12\/gdansk0324-1-1487x2048.jpg 1487w, https:\/\/drbartoszmalek.pl\/wp-content\/uploads\/2024\/12\/gdansk0324-1-436x600.jpg 436w, https:\/\/drbartoszmalek.pl\/wp-content\/uploads\/2024\/12\/gdansk0324-1-scaled.jpg 1859w\" sizes=\"auto, (max-width: 218px) 100vw, 218px\" \/><\/a><\/figure>\n\n\n\n<figure class=\"wp-block-image size-medium\"><a href=\"https:\/\/drbartoszmalek.pl\/wp-content\/uploads\/2024\/12\/simvid-1-scaled.jpg\"><img loading=\"lazy\" decoding=\"async\" width=\"218\" height=\"300\" data-id=\"192\" src=\"https:\/\/drbartoszmalek.pl\/wp-content\/uploads\/2024\/12\/simvid-1-218x300.jpg\" alt=\"\" class=\"wp-image-192\" srcset=\"https:\/\/drbartoszmalek.pl\/wp-content\/uploads\/2024\/12\/simvid-1-218x300.jpg 218w, https:\/\/drbartoszmalek.pl\/wp-content\/uploads\/2024\/12\/simvid-1-743x1024.jpg 743w, https:\/\/drbartoszmalek.pl\/wp-content\/uploads\/2024\/12\/simvid-1-768x1058.jpg 768w, https:\/\/drbartoszmalek.pl\/wp-content\/uploads\/2024\/12\/simvid-1-1115x1536.jpg 1115w, https:\/\/drbartoszmalek.pl\/wp-content\/uploads\/2024\/12\/simvid-1-1487x2048.jpg 1487w, https:\/\/drbartoszmalek.pl\/wp-content\/uploads\/2024\/12\/simvid-1-436x600.jpg 436w, https:\/\/drbartoszmalek.pl\/wp-content\/uploads\/2024\/12\/simvid-1-scaled.jpg 1859w\" sizes=\"auto, (max-width: 218px) 100vw, 218px\" \/><\/a><\/figure>\n<\/figure>\n\n\n\n<h3 class=\"wp-block-heading\"><strong>Konferencje, kursy, szkolenia<\/strong><\/h3>\n\n\n\n<h5 class=\"wp-block-heading is-style-asterisk\"><strong>Chirurgia og\u00f3lna<\/strong><\/h5>\n\n\n\n<ul class=\"wp-block-list\">\n<li>I Mi\u0119dzynarodowy Kongres Polskiego Towarzystwa Chirurgii Robotowej, Wroc\u0142aw, 1-3.03.2012<\/li>\n\n\n\n<li>67. Kongres Towarzystwa Chirurg\u00f3w Polskich, 9-12.09.2015, Lublin<\/li>\n\n\n\n<li>XI Mazowieckie Dni Chirurgiczne, 10.10.2015, O\u017car\u00f3w Mazowiecki<\/li>\n\n\n\n<li>Szkolenie z zakresu chirurgii ma\u0142oinwazyjnej \u2013 modu\u0142 podstawowy, I etap 18-19.03.2016, II etap \u2013 8-9.04.2016, CKP WIM, Warszawa<\/li>\n\n\n\n<li>Techniki operacyjne w proktologii \u2013 edycja III, 5.11.2016, Warszawa<\/li>\n\n\n\n<li>Warsztaty laparoskopowe w chirurgii bariatrycznej, 26.11.2016, Jelenia G\u00f3ra<\/li>\n\n\n\n<li>VI Og\u00f3lnopolskie Sympozjum Post\u0119py w chirurgii kolorektalnej, 16-18.03.2017, Serock<\/li>\n\n\n\n<li>Techniki operacyjne w proktologii \u2013 edycja IV, 13.05.2017, Warszawa<\/li>\n\n\n\n<li>Techniki operacyjne w proktologii \u2013 warsztaty praktyczne, 23.06.2017, Ostr\u00f3w Mazowiecka<\/li>\n\n\n\n<li>Konferencja naukowo-szkoleniowa \u201eAmputowa\u0107, nie obcina\u0107\u201d, 2.02.2018, Warszawa<\/li>\n\n\n\n<li>Techniki operacyjne w proktologii \u2013 edycja V, 24.03.2018, Warszawa<\/li>\n\n\n\n<li>VI Og\u00f3lnopolska Konferencja Polska Chirurgia \u2013 ewolucja post\u0119powania w poszukiwaniu dalszego rozwoju, 25-26.05.2018, Wis\u0142a<\/li>\n\n\n\n<li>Chirurgiczne leczenie oty\u0142o\u015bci &#8211; Czwartek Chirurgiczny, 11.10.2018<\/li>\n\n\n\n<li>XIV Mazowieckie Dni Chirurgiczne, 30.11-01.12.2018, Warszawa<\/li>\n\n\n\n<li>Warsztaty endoskopowe: Problemy kliniczne z perspektywy endoskopisty \u2013 XVI Edycja, 18.03.2019, Warszawa<\/li>\n\n\n\n<li>Laparoskopia w stanach nag\u0142ych i urazach \u2013 Czwartek Chirurgiczny, 28.03.2019<\/li>\n\n\n\n<li>Chirurgia \u017co\u0142\u0105dka i dwunastnicy \u2013 Akademia Aesculap, 26-27.04.2019, Nowy Tomy\u015bl<\/li>\n\n\n\n<li>Niedokrwienie jelit z uwzgl\u0119dnieniem profilaktyki przeciwzakrzepowej \u2013 Czwartek Chirurgiczny, 16.05.2019<\/li>\n\n\n\n<li>Wczesne wykrywanie nowotwor\u00f3w sk\u00f3ry z wykorzystaniem nowoczesnych technik diagnostycznych: wideodermatoskopii, mikroskopii konfokalnej i diagnostyki histopatologicznej, 12.06.2019, Warszawa<\/li>\n\n\n\n<li>Operacje ma\u0142oinwazyjne przepuklin brzusznych \u2013 Czwartek Chirurgiczny, 27.06.2019<\/li>\n\n\n\n<li>Kalectwo dr\u00f3g \u017c\u00f3\u0142ciowych \u2013 Czwartek Chirurgiczny, 24.10.2019<\/li>\n\n\n\n<li>XV Mazowieckie Dni Chirurgiczne, 15-16.11.2019, Warszawa<\/li>\n\n\n\n<li>Warsztaty \u017cywienia dojelitowego i pozajelitowego u chorych chirurgicznych zorganizowane w ramach XV Mazowieckich Dni Chirurgicznych, 15.11.2019, Warszawa<\/li>\n\n\n\n<li>Szkolenie zaawansowane w zakresie technik chirurgii minimalnego dost\u0119pu, 05.2021, Warszawa<\/li>\n\n\n\n<li>70. Kongres Towarzystwa Chirurg\u00f3w Polskich, 15-18.09.2021, Toru\u0144<\/li>\n\n\n\n<li>71. Kongres Towarzystwa Chirurg\u00f3w Polskich, 20-23.09.2023, Wroc\u0142aw<\/li>\n\n\n\n<li>Kurs z zakresu nowoczesnych technik leczenia przepuklin pachwinowych, 26.03.2024, Gda\u0144sk<\/li>\n\n\n\n<li>Praktyczne aspekty chirurgii przepuklin przedniej \u015bciany brzucha. Zaawansowane warsztaty kadawerowe towarzysz\u0105ce Kongresowi \u201eBa\u0142tyckie Dni Przepuklinowe\u201d, 6.11.2024, Warszawa<\/li>\n\n\n\n<li>Baltic Hernia Days, Gda\u0144sk, 7-8.11.2024<\/li>\n<\/ul>\n\n\n\n<p><\/p>\n\n\n\n<h5 class=\"wp-block-heading is-style-asterisk\"><strong>Flebologia<\/strong><\/h5>\n\n\n\n<ul class=\"wp-block-list\">\n<li>Kurs Ultrasonografia dopplerowska uk\u0142adu \u017cylnego ko\u0144czyn dolnych, 8.04.2017, Pozna\u0144<\/li>\n\n\n\n<li>V Konferencja Flebologia Estetyczna, 6.10.2018, Warszawa<\/li>\n\n\n\n<li>Kurs Ultrasonografia dopplerowska uk\u0142adu \u017cylnego ko\u0144czyn dolnych \u2013 poziom zaawansowany, 8-9.03.2019, Pozna\u0144<\/li>\n\n\n\n<li>VI Flebologia Estetyczna, 17-18.11.2019, Warszawa<\/li>\n\n\n\n<li>Techniki wewn\u0105trznaczyniowe w leczeniu przewlek\u0142ej niewydolno\u015bci \u017cylnej, 13-14.03.2020, Warszawa<\/li>\n\n\n\n<li>Warsztaty z wykonywania zabieg\u00f3w systemem Flebogrif, 16.07.2020, Lublin<\/li>\n\n\n\n<li>Akademia Flebologii \u2013 Seminarium I, 2-4.10.2020, Lublin<\/li>\n\n\n\n<li>VII Flebologia Estetyczna, 7-8.11.2020<\/li>\n\n\n\n<li>Leczenie niewydolno\u015bci \u017cylnej przy u\u017cyciu Closurefast oraz Venaseal, 17-18.02.2021, Pozna\u0144<\/li>\n\n\n\n<li>Mi\u0119dzynarodowy Kongres Polskiego Towarzystwa Flebologicznego, 10-12.06.2021, Katowice<\/li>\n\n\n\n<li>IX Flebologia Estetyczna, 4-5.11.2022, Warszawa<\/li>\n\n\n\n<li>X Flebologia Estetyczna, 19-21.10.2023, Pozna\u0144<\/li>\n\n\n\n<li>Venous Insufficiency Personal &amp; Practical (VIPP) course; Kreussler International School of Sclerotherapy (KISS), 12-13.04.2024, Bologna, Italy<\/li>\n\n\n\n<li>v-HELP mission, Udayana University Hospital, Bali Island, Indonesia, 22-23.10.2024<\/li>\n\n\n\n<li>v-WINdonesia World Congress, 24-26.10.2024, Bali Island<\/li>\n\n\n\n<li>XII Mi\u0119dzynarodowa Konferencja Flebologia Estetyczna, 17-19.10.2025, Pozna\u0144<\/li>\n\n\n\n<li>Kreussler International School of Sclerotherapy (KISS) &#8211; 2nd part &#8211; advanced course, 12-13.12.2025, Paris, France<\/li>\n<\/ul>\n\n\n\n<p><\/p>\n\n\n\n<h5 class=\"wp-block-heading is-style-asterisk\"><strong>Endoskopia<\/strong><\/h5>\n\n\n\n<ul class=\"wp-block-list\">\n<li>Warsaw Live Endoscopy \u2013 streaming online, 5-6.10.2018, Warszawa<\/li>\n\n\n\n<li>43. Og\u00f3lnopolskie Dni Endoskopowe, 9-10.11.2018, Wis\u0142a<\/li>\n\n\n\n<li>Warsztaty endoskopowe: Problemy kliniczne z perspektywy endoskopisty \u2013 XVI Edycja, 18.03.2019, Warszawa<\/li>\n\n\n\n<li>44. Og\u00f3lnopolskie Dni Endoskopowe, 8-9.11.2019, Wis\u0142a<\/li>\n\n\n\n<li>Szkolenie z zakresu ECPW 29.03-4.04.2022, Luxmed Onkologia Warszawa<\/li>\n\n\n\n<li>Endoskopia 2025 \u2013 Powik\u0142ania w\u00a0endoskopii przewodu pokarmowego, 7.06.2025, Krak\u00f3w<\/li>\n<\/ul>\n\n\n\n<p><\/p>\n","protected":false},"excerpt":{"rendered":"<p>Nazywam si\u0119 Bartosz Ma\u0142ek, jestem specjalist\u0105 chirurgii og\u00f3lnej, flebologiem i endoskopist\u0105. Uko\u0144czy\u0142em Wydzia\u0142 Lekarski Warszawskiego Uniwersytetu Medycznego. Do\u015bwiadczenie zdobywa\u0142em pracuj\u0105c w szpitalach i poradniach w Warszawie i Otwocku oraz uczestnicz\u0105c w licznych kursach i konferencjach w kraju i za granic\u0105. Jestem cz\u0142onkiem: Chirurgia to nie tylko moja praca, ale r\u00f3wnie\u017c wielka pasja, kt\u00f3r\u0105 rozwijam od [&hellip;]<\/p>\n","protected":false},"author":1,"featured_media":0,"parent":0,"menu_order":0,"comment_status":"closed","ping_status":"closed","template":"","meta":{"two_page_speed":[],"footnotes":""},"class_list":["post-2","page","type-page","status-publish","hentry"],"aioseo_notices":[],"_links":{"self":[{"href":"https:\/\/drbartoszmalek.pl\/index.php\/wp-json\/wp\/v2\/pages\/2","targetHints":{"allow":["GET"]}}],"collection":[{"href":"https:\/\/drbartoszmalek.pl\/index.php\/wp-json\/wp\/v2\/pages"}],"about":[{"href":"https:\/\/drbartoszmalek.pl\/index.php\/wp-json\/wp\/v2\/types\/page"}],"author":[{"embeddable":true,"href":"https:\/\/drbartoszmalek.pl\/index.php\/wp-json\/wp\/v2\/users\/1"}],"replies":[{"embeddable":true,"href":"https:\/\/drbartoszmalek.pl\/index.php\/wp-json\/wp\/v2\/comments?post=2"}],"version-history":[{"count":7,"href":"https:\/\/drbartoszmalek.pl\/index.php\/wp-json\/wp\/v2\/pages\/2\/revisions"}],"predecessor-version":[{"id":281,"href":"https:\/\/drbartoszmalek.pl\/index.php\/wp-json\/wp\/v2\/pages\/2\/revisions\/281"}],"wp:attachment":[{"href":"https:\/\/drbartoszmalek.pl\/index.php\/wp-json\/wp\/v2\/media?parent=2"}],"curies":[{"name":"wp","href":"https:\/\/api.w.org\/{rel}","templated":true}]}}