{"id":148,"date":"2024-12-06T21:50:02","date_gmt":"2024-12-06T21:50:02","guid":{"rendered":"https:\/\/drbartoszmalek.pl\/?page_id=148"},"modified":"2024-12-06T21:50:04","modified_gmt":"2024-12-06T21:50:04","slug":"polityka-prywatnosci-i-cookies","status":"publish","type":"page","link":"https:\/\/drbartoszmalek.pl\/index.php\/polityka-prywatnosci-i-cookies\/","title":{"rendered":"Polityka prywatno\u015bci i &#8222;cookies&#8221;"},"content":{"rendered":"\n<p><\/p>\n\n\n\n<h3 class=\"wp-block-heading\">Polityka prywatno\u015bci<\/h3>\n\n\n\n<p><strong>1. Informacje og\u00f3lne<\/strong><\/p>\n\n\n\n<p class=\"has-small-font-size\">Niniejsza Polityka Prywatno\u015bci okre\u015bla zasady przetwarzania i ochrony danych osobowych przekazanych przez U\u017cytkownik\u00f3w w zwi\u0105zku z korzystaniem przez nich z us\u0142ug strony internetowej drbartoszmalek.pl (zwanej dalej jako &#8222;Serwis&#8221;).<\/p>\n\n\n\n<p><strong>2. Administrator danych osobowych<\/strong><\/p>\n\n\n\n<p class=\"has-small-font-size\">Administratorem danych osobowych zawartych w Serwisie jest Indywidualna Praktyka Lekarska Bartosz Ma\u0142ek z siedzib\u0105 w Warszawie, NIP: 5361806201, e-mail: admin@drbartoszmalek.pl (dalej jako &#8222;Administrator&#8221;).<\/p>\n\n\n\n<p><strong>3. Cele i podstawy przetwarzania danych osobowych<\/strong><\/p>\n\n\n\n<p class=\"has-small-font-size\">Administrator przetwarza dane osobowe U\u017cytkownik\u00f3w Serwisu w nast\u0119puj\u0105cych celach:<\/p>\n\n\n\n<p class=\"has-small-font-size\">a. Marketing w\u0142asnych produkt\u00f3w lub us\u0142ug Administratora (art. 6 ust. 1 lit. f RODO)<\/p>\n\n\n\n<p class=\"has-small-font-size\">b. Analiza ruchu w Serwisie, prowadzenie statystyk, korzystanie z formularza kontaktowego (art. 6 ust. 1 lit. f RODO)<\/p>\n\n\n\n<p><strong>4. Okres przechowywania danych<\/strong><\/p>\n\n\n\n<p class=\"has-small-font-size\">Dane osobowe U\u017cytkownik\u00f3w b\u0119d\u0105 przechowywane przez okres:<\/p>\n\n\n\n<p class=\"has-small-font-size\">a. W przypadku korzystania z formularza kontaktowego \u2013 do czasu wniesienia sprzeciwu wobec takiego przetwarzania<\/p>\n\n\n\n<p class=\"has-small-font-size\">b. W przypadku marketingu &#8211; do czasu wniesienia sprzeciwu wobec takiego przetwarzania<\/p>\n\n\n\n<p class=\"has-small-font-size\">c. W przypadku analiz i statystyk &#8211; do czasu wniesienia sprzeciwu wobec takiego przetwarzania<\/p>\n\n\n\n<p><strong>5. Odbiorcy danych<\/strong><\/p>\n\n\n\n<p class=\"has-small-font-size\">Odbiorcami danych osobowych U\u017cytkownik\u00f3w mog\u0105 by\u0107:<\/p>\n\n\n\n<p class=\"has-small-font-size\">a. Podmioty uprawnione do uzyskania danych na podstawie obowi\u0105zuj\u0105cego prawa, np. s\u0105dy lub organy \u015bcigania<\/p>\n\n\n\n<p class=\"has-small-font-size\">b. Administrator strony internetowej<\/p>\n\n\n\n<p><strong>7. Prawa U\u017cytkownik\u00f3w<\/strong><\/p>\n\n\n\n<p class=\"has-small-font-size\">U\u017cytkownikom przys\u0142uguj\u0105 nast\u0119puj\u0105ce prawa zwi\u0105zane z przetwarzaniem danych osobowych:<\/p>\n\n\n\n<p class=\"has-small-font-size\">a. Prawo dost\u0119pu do swoich danych oraz otrzymania ich kopii<\/p>\n\n\n\n<p class=\"has-small-font-size\">b. Prawo do sprostowania (poprawiania) swoich danych<\/p>\n\n\n\n<p class=\"has-small-font-size\">c. Prawo do usuni\u0119cia danych<\/p>\n\n\n\n<p class=\"has-small-font-size\">d. Prawo do ograniczenia przetwarzania danych<\/p>\n\n\n\n<p class=\"has-small-font-size\">e. Prawo do wniesienia sprzeciwu wobec przetwarzania danych<\/p>\n\n\n\n<p class=\"has-small-font-size\">f. Prawo do przenoszenia danych<\/p>\n\n\n\n<p class=\"has-small-font-size\">g. Prawo do wniesienia skargi do organu nadzorczego (Prezes Urz\u0119du Ochrony Danych Osobowych)<\/p>\n\n\n\n<p><strong>8. Informacja o dobrowolno\u015bci podania danych<\/strong><\/p>\n\n\n\n<p class=\"has-small-font-size\">Podanie danych osobowych jest dobrowolne, ale mo\u017ce by\u0107 niezb\u0119dne do korzystania z us\u0142ug Serwisu.<\/p>\n\n\n\n<p><strong>9. Pliki cookies<\/strong><\/p>\n\n\n\n<p class=\"has-small-font-size\">Serwis u\u017cywa plik\u00f3w cookies. Szczeg\u00f3\u0142owe informacje na temat wykorzystywania plik\u00f3w cookies znajduj\u0105 si\u0119 w Polityce Cookies dost\u0119pnej poni\u017cej.<\/p>\n\n\n\n<p><strong>10. Zabezpieczenie danych<\/strong><\/p>\n\n\n\n<p class=\"has-small-font-size\">Administrator stosuje odpowiednie \u015brodki techniczne i organizacyjne zapewniaj\u0105ce bezpiecze\u0144stwo przetwarzanych danych osobowych adekwatne do zagro\u017ce\u0144 oraz kategorii danych obj\u0119tych ochron\u0105.<\/p>\n\n\n\n<p><strong>11. Zmiany w Polityce Prywatno\u015bci<\/strong><\/p>\n\n\n\n<p class=\"has-small-font-size\">Administrator zastrzega sobie prawo do zmiany niniejszej Polityki Prywatno\u015bci. O wszelkich zmianach U\u017cytkownicy b\u0119d\u0105 informowani poprzez publikacj\u0119 aktualizacji na stronie Serwisu.<\/p>\n\n\n\n<p><strong>12. Kontakt<\/strong><\/p>\n\n\n\n<p class=\"has-small-font-size\">W sprawach zwi\u0105zanych z danymi osobowymi prosimy o kontakt pod adresem e-mail: admin@drbartoszmalek.pl<\/p>\n\n\n\n<p class=\"has-small-font-size\">Data ostatniej aktualizacji: 30.11.2024<\/p>\n\n\n\n<p><\/p>\n\n\n\n<h3 class=\"wp-block-heading\">Polityka cookies<\/h3>\n\n\n\n<h6 class=\"wp-block-heading\">I.WST\u0118P<\/h6>\n\n\n\n<p class=\"has-small-font-size\">Cieszymy si\u0119, \u017ce odwiedzi\u0142e\u015b\/a\u015b moj\u0105 stron\u0119 internetow\u0105. Chcemy, aby\u015b czu\u0142 si\u0119 na niej komfortowo, dlatego przygotowali\u015bmy dla Ciebie niniejsz\u0105 polityk\u0119 plik\u00f3w cookie (czyli popularnych \u201eciasteczek\u201d). Dzi\u0119ki niej dowiesz si\u0119 m.in.: <\/p>\n\n\n\n<ol style=\"list-style-type:lower-alpha\" class=\"wp-block-list\">\n<li class=\"has-small-font-size\">Czym s\u0105 pliki cookie?<\/li>\n\n\n\n<li class=\"has-small-font-size\">Jakie pliki cookie i po co stosujemy?<\/li>\n\n\n\n<li class=\"has-small-font-size\">Jak wp\u0142ywaj\u0105 one na Twoj\u0105 prywatno\u015b\u0107?<\/li>\n\n\n\n<li class=\"has-small-font-size\">Jakie uprawnienia przys\u0142uguj\u0105 Ci na mocy RODO<a id=\"_ftnref1\" href=\"#_ftn1\">[1]<\/a> oraz prawa telekomunikacyjnego<a id=\"_ftnref2\" href=\"#_ftn2\">[2]<\/a>.<\/li>\n<\/ol>\n\n\n\n<h6 class=\"wp-block-heading\">II. CZYM S\u0104 PLIKI COOKIE?<\/h6>\n\n\n\n<ol class=\"wp-block-list\">\n<li class=\"has-small-font-size\">Najpro\u015bciej rzecz ujmuj\u0105c, pliki cookie to niewielkie pliki tekstowe, kt\u00f3re s\u0105 zapisywane na Twoim komputerze lub smartfonie podczas wy\u015bwietlania naszej strony internetowej. Istniej\u0105 r\u00f3\u017cne rodzaje plik\u00f3w cookie. My podzielili\u015bmy je dla Ciebie na dwie grupy:<\/li>\n\n\n\n<li class=\"has-small-font-size\">Pliki cookie, kt\u00f3re s\u0105 niezb\u0119dne do korzystania z naszej strony internetowej s\u0142u\u017c\u0105 m.in. do zapewnienia stabilno\u015bci jej funkcjonowania (mierz\u0105 ruch, zabezpieczaj\u0105c nas przed jej przeci\u0105\u017ceniem), zapami\u0119tania wybranych przez Ciebie preferencji dot. prywatno\u015bci, wype\u0142nienia udost\u0119pnionych przez nas formularzy on-line, zapisania zawarto\u015bci koszyka oraz monitorowania statusu zalogowania. Te pliki cookie stosujemy domy\u015blnie, czyli zapisujemy je na Twoim komputerze lub\u00a0 smartfonie w momencie wej\u015bcia na nasz\u0105 stron\u0119 internetow\u0105 (zgodnie z art. 173 ust. 3 ustawy prawo telekomunikacyjne).<\/li>\n\n\n\n<li class=\"has-small-font-size\">Pozosta\u0142e pliki cookie wykorzystujemy jednie w\u00f3wczas, gdy wyrazisz nam na to zgod\u0119. Przeczytasz o nich wi\u0119cej w nast\u0119pnej cz\u0119\u015bci naszej Polityki.<\/li>\n<\/ol>\n\n\n\n<h6 class=\"wp-block-heading\">III. Z JAKICH PLIK\u00d3W COOKIE KORZYSTAMY?<\/h6>\n\n\n\n<p class=\"has-small-font-size\"><strong>Niezb\u0119dne pliki cookie <\/strong>&#8211; zapewniaj\u0105 prawid\u0142owe funkcjonowanie naszej strony i jej podstawowych funkcji. Bez nich nie b\u0119dziesz m\u00f3g\u0142 prawid\u0142owo korzysta\u0107 z naszych us\u0142ug online. Te pliki cookie zwolnione s\u0105 z obowi\u0105zku uzyskania Twojej zgody (art. 173 ust. 3 ustawy prawo telekomunikacyjne).<\/p>\n\n\n\n<p class=\"has-small-font-size\"><strong>Analityczne pliki<\/strong> cookie \u2013 nasza strona korzysta z plik\u00f3w cookie dostarczonych przez nazwa dostawcy analitycznych plik\u00f3w cookie. Analityczne pliki cookie umo\u017cliwiaj\u0105 \u015bledzenie liczby i \u017ar\u00f3de\u0142 odwiedzin, dzi\u0119ki czemu mo\u017cemy mierzy\u0107 i poprawia\u0107 wydajno\u015b\u0107 naszej strony internetowej. Ten rodzaj plik\u00f3w cookie pomaga nam zrozumie\u0107, kt\u00f3re podstrony s\u0105 najcz\u0119\u015bciej lub najrzadziej odwiedzane oraz w jaki spos\u00f3b odwiedzaj\u0105cy poruszaj\u0105 si\u0119 po naszej stronie. Je\u017celi odm\u00f3wisz zapisania na Twoim komputerze lub smartfonie analitycznych plik\u00f3w cookie, Twoja wizyta nie b\u0119dzie uwzgl\u0119dniana w naszych statystykach, ale jednocze\u015bnie nie ograniczy to dla Ciebie \u017cadnych funkcjonalno\u015bci na naszej stronie internetowej.<\/p>\n\n\n\n<p class=\"has-small-font-size\"><strong>Marketingowe pliki cookie<\/strong> \u2013 stosujemy te pliki cookie, aby personalizowa\u0107 tre\u015bci, kt\u00f3re s\u0105 Ci wy\u015bwietlane. Marketingowe pliki cookie mog\u0105 by\u0107 wykorzystywane w naszych kampaniach reklamowych, kt\u00f3re s\u0105 prowadzone na stronach internetowych podmiot\u00f3w trzecich. Je\u017celi wyrazisz zgod\u0119 na korzystanie z marketingowych plik\u00f3w cookie, mo\u017cesz otrzymywa\u0107 informacje o stronach internetowych naszych zaufanych partner\u00f3w, na kt\u00f3rych zareagowa\u0142e\u015b na nasze reklamy. Je\u017celi zrezygnujesz z marketingowych plik\u00f3w cookie, wy\u015bwietlane b\u0119d\u0105 Ci og\u00f3lne i niespersonalizowane reklamy. Podobnie jak w przypadku analitycznych plik\u00f3w cookie, je\u017celi odm\u00f3wisz zapisania na Twoim komputerze lub smartfonie marketingowych plik\u00f3w cookie, nie ograniczy to dla Ciebie \u017cadnych funkcjonalno\u015bci na naszej stronie internetowej.<\/p>\n\n\n\n<h6 class=\"wp-block-heading\">IV. ZGODA NA INSTALACJ\u0118 PLIK\u00d3W COOKIE<\/h6>\n\n\n\n<ol class=\"wp-block-list\">\n<li class=\"has-small-font-size\">Podczas Twojej wizyty na naszej stronie internetowej zostanie wy\u015bwietlony baner informuj\u0105cy, \u017ce wykorzystuje ona pliki cookie. Je\u015bli wybierzesz opcj\u0119 &#8222;Zr\u00f3wnowa\u017cony&#8221;, b\u0119dzie to oznacza\u0107, \u017ce akceptujesz wszystkie pliki cookie, kt\u00f3re s\u0105 umieszczone na naszej stronie internetowej oraz potwierdzasz, \u017ce zapozna\u0142e\u015b si\u0119 z informacjami na temat plik\u00f3w cookie oraz cel\u00f3w ich stosowania, a tak\u017ce przypadk\u00f3w, w kt\u00f3rych dane zgromadzone z pomoc\u0105 plik\u00f3w cookie s\u0105 przekazywane naszym partnerom. Je\u015bli wybierzesz opcj\u0119 \u00a0\u201eSpersonalizowany\u201d, b\u0119dzie to oznacza\u0107, \u017ce akceptujesz wybrane pliki cookie, kt\u00f3re s\u0105 umieszczone na naszej stronie internetowej oraz potwierdzasz, \u017ce zapozna\u0142e\u015b si\u0119 z informacjami na temat plik\u00f3w cookie oraz cel\u00f3w ich stosowania, a tak\u017ce przypadk\u00f3w, w kt\u00f3rych dane zgromadzone z pomoc\u0105 plik\u00f3w cookie s\u0105 przekazywane naszym partnerom.\u00a0\u00a0<\/li>\n\n\n\n<li class=\"has-small-font-size\">Pami\u0119taj, \u017ce w przypadku niezb\u0119dnych plik\u00f3w cookie Twoja zgoda nie jest wymagana, poniewa\u017c pliki tego rodzaju zapewniaj\u0105 pe\u0142ne i nieprzerwane funkcjonowanie naszej strony. Te pliki cookie zwolnione s\u0105 z obowi\u0105zku uzyskania Twojej zgody zgodnie z art. 173 ust. 3 ustawy prawo telekomunikacyjne.<\/li>\n<\/ol>\n\n\n\n<h6 class=\"wp-block-heading\">V. BRAK ZGODY NA INSTALACJ\u0118 PLIK\u00d3W COOKIE<\/h6>\n\n\n\n<p class=\"has-small-font-size\">Je\u015bli nie chcesz, aby nasze pliki cookie by\u0142y zapisywane na Twoim urz\u0105dzeniu, mo\u017cesz wybra\u0107 opcj\u0119 \u201cPrywatny\u201d. Wybieraj\u0105c t\u0119 opcj\u0119&nbsp; odrzucisz wszystkie, pr\u00f3cz technicznie niezb\u0119dnych, plik\u00f3w cookie, kt\u00f3re stosujemy na naszej stronie.<\/p>\n\n\n\n<h6 class=\"wp-block-heading\">VI.DANE OSOBOWE<\/h6>\n\n\n\n<p class=\"has-small-font-size\">Poniewa\u017c niekt\u00f3re z wykorzystywanych przez nas plik\u00f3w cookie stanowi\u0105 dane osobowe chcemy, aby\u015b zna\u0142\/a prawa, kt\u00f3re przys\u0142uguj\u0105 Ci na gruncie RODO:<\/p>\n\n\n\n<ol style=\"list-style-type:lower-alpha\" class=\"wp-block-list\">\n<li class=\"has-small-font-size\">Administratorem Twoich danych osobowych, czyli podmiotem decyduj\u0105cym o celach i sposobach przetwarzania, jest Indywidualna Praktyka Lekarska Bartosz Ma\u0142ek z siedzib\u0105 w Warszawie.<\/li>\n\n\n\n<li class=\"has-small-font-size\">Twoje dane osobowe b\u0119d\u0105 przetwarzane w celu zapewnienia podstawowych funkcji naszej strony internetowej. Je\u017celi wyrazi\u0142e\u015b stosown\u0105 (dobrowoln\u0105) zgod\u0119, Twoje dane b\u0119d\u0105 przetwarzane r\u00f3wnie\u017c w celu dostarczenia Ci us\u0142ug, ofert i komunikat\u00f3w dopasowanych do Twoich preferencji oraz w celu analizowania ruchu na stronie i zapewnienia funkcji spo\u0142eczno\u015bciowych (w zale\u017cno\u015bci od zaznaczonych przez Ciebie preferencji).<\/li>\n\n\n\n<li class=\"has-small-font-size\">Wi\u0119cej informacji na temat zasad przetwarzania danych osobowych i przys\u0142uguj\u0105cych Ci praw znajdziesz w naszej Polityce prywatno\u015bci.<\/li>\n<\/ol>\n\n\n\n<h6 class=\"wp-block-heading\">VII. WYCOFANIE ZGODY<\/h6>\n\n\n\n<p class=\"has-small-font-size\">Pami\u0119taj, \u017ce w ka\u017cdym momencie mo\u017cesz zmieni\u0107 wyra\u017cone przez siebie zgody klikaj\u0105c w zielon\u0105 ikon\u0119 przedstawiaj\u0105c\u0105 \u201eciasteczko\u201d, a umieszczon\u0105 w lewym dolnym rogu naszej strony.<\/p>\n\n\n\n<h6 class=\"wp-block-heading\">VIII. ZMIANY W POLITYCE PLIK\u00d3W COOKIE<\/h6>\n\n\n\n<p class=\"has-small-font-size\">Zastrzegamy sobie prawo do zmiany niniejszej polityki plik\u00f3w cookie w dowolnym momencie. Wszelkie zmiany w polityce plik\u00f3w cookie b\u0119d\u0105 publikowane na stronie drbartoszmalek.pl<\/p>\n\n\n\n<hr class=\"wp-block-separator has-alpha-channel-opacity\"\/>\n\n\n\n<p class=\"has-small-font-size\"><a href=\"#_ftnref1\" id=\"_ftn1\">[1]<\/a> Rozporz\u0105dzenie Parlamentu Europejskiego i Rady (UE) 2016\/679 z dnia 27 kwietnia 2016 r. w sprawie ochrony os\u00f3b fizycznych w zwi\u0105zku<br>z przetwarzaniem danych osobowych i w sprawie swobodnego przep\u0142ywu takich danych oraz uchylenia dyrektywy 95\/46\/WE<br>(og\u00f3lne rozporz\u0105dzenie o ochronie danych) (Tekst maj\u0105cy znaczenie dla EOG).<\/p>\n\n\n\n<p class=\"has-small-font-size\"><a href=\"#_ftnref2\" id=\"_ftn2\">[2]<\/a> Ustawa z dnia 16 lipca 2004 r. Prawo telekomunikacyjne (Dz.U. 2004 nr 171 poz. 1800 z p\u00f3\u017an. zm.).<\/p>\n","protected":false},"excerpt":{"rendered":"<p>Polityka prywatno\u015bci 1. Informacje og\u00f3lne Niniejsza Polityka Prywatno\u015bci okre\u015bla zasady przetwarzania i ochrony danych osobowych przekazanych przez U\u017cytkownik\u00f3w w zwi\u0105zku z korzystaniem przez nich z us\u0142ug strony internetowej drbartoszmalek.pl (zwanej dalej jako &#8222;Serwis&#8221;). 2. Administrator danych osobowych Administratorem danych osobowych zawartych w Serwisie jest Indywidualna Praktyka Lekarska Bartosz Ma\u0142ek z siedzib\u0105 w Warszawie, NIP: 5361806201, [&hellip;]<\/p>\n","protected":false},"author":1,"featured_media":0,"parent":0,"menu_order":0,"comment_status":"closed","ping_status":"closed","template":"","meta":{"two_page_speed":[],"footnotes":""},"class_list":["post-148","page","type-page","status-publish","hentry"],"aioseo_notices":[],"_links":{"self":[{"href":"https:\/\/drbartoszmalek.pl\/index.php\/wp-json\/wp\/v2\/pages\/148","targetHints":{"allow":["GET"]}}],"collection":[{"href":"https:\/\/drbartoszmalek.pl\/index.php\/wp-json\/wp\/v2\/pages"}],"about":[{"href":"https:\/\/drbartoszmalek.pl\/index.php\/wp-json\/wp\/v2\/types\/page"}],"author":[{"embeddable":true,"href":"https:\/\/drbartoszmalek.pl\/index.php\/wp-json\/wp\/v2\/users\/1"}],"replies":[{"embeddable":true,"href":"https:\/\/drbartoszmalek.pl\/index.php\/wp-json\/wp\/v2\/comments?post=148"}],"version-history":[{"count":1,"href":"https:\/\/drbartoszmalek.pl\/index.php\/wp-json\/wp\/v2\/pages\/148\/revisions"}],"predecessor-version":[{"id":150,"href":"https:\/\/drbartoszmalek.pl\/index.php\/wp-json\/wp\/v2\/pages\/148\/revisions\/150"}],"wp:attachment":[{"href":"https:\/\/drbartoszmalek.pl\/index.php\/wp-json\/wp\/v2\/media?parent=148"}],"curies":[{"name":"wp","href":"https:\/\/api.w.org\/{rel}","templated":true}]}}