{"id":137,"date":"2024-12-06T21:25:13","date_gmt":"2024-12-06T21:25:13","guid":{"rendered":"https:\/\/drbartoszmalek.pl\/?page_id=137"},"modified":"2024-12-06T21:25:13","modified_gmt":"2024-12-06T21:25:13","slug":"wykonywane-zabiegi","status":"publish","type":"page","link":"https:\/\/drbartoszmalek.pl\/index.php\/wykonywane-zabiegi\/","title":{"rendered":"Wykonywane zabiegi"},"content":{"rendered":"\n<h3 class=\"wp-block-heading is-style-asterisk\">Chirurgia<\/h3>\n\n\n\n<p>Chirurgia og\u00f3lna jest bardzo szerok\u0105 dziedzin\u0105 medycyny zajmuj\u0105c\u0105 si\u0119 m.in. leczeniem operacyjnym chor\u00f3b narz\u0105d\u00f3w jamy brzusznej, chorobami tkanek mi\u0119kkich, operacjami w zakresie tarczycy, chorobami \u017cy\u0142, przepuklinami i inne.<br>Od wielu lat wykonuj\u0119 operacje z zakresu chirurgii og\u00f3lnej z dost\u0119pu laparoskopowego i otwartego, m.in.:<br>&#8211; cholecystektomi\u0119 laparoskopow\u0105 i otwart\u0105,<br>&#8211; plastyk\u0119 przepukliny pachwinowej metod\u0105 laparoskopow\u0105 sp. TAPP oraz metod\u0105 otwart\u0105 sp. Lichtensteina,<br>&#8211; plastyk\u0119 przepukliny przedniej \u015bciany jamy brzusznej (oko\u0142op\u0119pkowe, kresy bia\u0142ej, pooperacyjne) z wykorzystaniem materia\u0142\u00f3w syntetycznych,<br>&#8211; wyci\u0119cie torbieli pilonidalnej z przesuni\u0119ciem p\u0142at\u00f3w, hemoroidektomi\u0119 sp. Milligan-Morgan<br>&#8211; operacje tarczycy<br>&#8211; operacje jelitowe<br>&#8211; operacje &#8222;ostrody\u017curowe&#8221;<\/p>\n\n\n\n<p>Wykonuj\u0119 zabiegi w zakresie tzw. &#8222;ma\u0142ej chirurgii&#8221; w trybie ambulatoryjnym &#8211; wyci\u0119cie znamion i zmian sk\u00f3rnych, guz\u00f3w tkanek mi\u0119kkich (t\u0142uszczak\u00f3w, kaszak\u00f3w), wyci\u0119cia i zabiegi w zakresie paznokci itp.<\/p>\n\n\n\n<p><\/p>\n\n\n\n<h3 class=\"wp-block-heading is-style-asterisk\">Flebologia<\/h3>\n\n\n\n<p>Flebologia jest dziedzin\u0105 medycyny zajmuj\u0105c\u0105 si\u0119 chorobami uk\u0142adu \u017cylnego. Nie stanowi ona odr\u0119bnej specjalizacji lekarskiej, lecz jest umiej\u0119tno\u015bci\u0105 kt\u00f3ra zwi\u0105zana jest z odpowiednio prowadzon\u0105 diagnostyk\u0105 i leczeniem chor\u00f3b \u017cy\u0142 m.in. przewlek\u0142ej niewydolno\u015bci \u017cylnej, obrz\u0119k\u00f3w, zakrzepic\u0105 \u017cyln\u0105. Najcz\u0119\u015bciej flebologi\u0105 zajmuj\u0105 si\u0119 lekarze ze specjalizacj\u0105 z zakresu chirurgii naczyniowej lub chirurgii og\u00f3lnej, angiolodzy, radiolodzy.<\/p>\n\n\n\n<p>Od wielu lat zajmuj\u0119 si\u0119 diagnostyk\u0105 i leczeniem \u017cylak\u00f3w ko\u0144czyn dolnych i przewlek\u0142ej niewydolno\u015bci \u017cylnej:<br>&#8211; wykonuj\u0119 USG Doppler \u017cy\u0142 ko\u0144czyn dolnych<br>&#8211; wykonuj\u0119 skleroterapi\u0119 \u017cylak\u00f3w ko\u0144czyn dolnych i &#8222;paj\u0105czk\u00f3w naczyniowych&#8221;<br>&#8211; wykonuj\u0119 zabiegi wewn\u0105trznaczyniowe w leczeniu niewydolno\u015bci \u017cylnej i \u017cylak\u00f3w ko\u0144czyn dolnych: zabiegi termiczne (ablacja laserowa EVLT) i nietermiczne (ablacja mechano-chemiczna sp. Flebogrif i ablacja klejem systemem Venaseal)<br>&#8211; wykonuj\u0119 operacje \u017cylak\u00f3w ko\u0144czyn dolnych<br>&#8211; prowadz\u0119 diagnostyk\u0119 i leczenie pacjent\u00f3w z przewlek\u0142ymi owrzodzeniami \u017cylnymi, obrz\u0119kami ko\u0144czyn dolnych<\/p>\n\n\n\n<p><\/p>\n\n\n\n<h3 class=\"wp-block-heading is-style-asterisk\">Endoskopia<\/h3>\n\n\n\n<p>Endoskopia jest dziedzin\u0105 medycyny zajmuj\u0105c\u0105 si\u0119 diagnostyk\u0105 i leczeniem chor\u00f3b przewodu pokarmowego przy u\u017cyciu specjalnych aparat\u00f3w umo\u017cliwiaj\u0105cych wizualizacj\u0119 \u015bwiat\u0142a narz\u0105d\u00f3w jamy brzusznej m. in. \u017co\u0142\u0105dka czy jelit. W trakcie badania mo\u017cna wykona\u0107\u00a0zabiegi polegaj\u0105ce na pobraniu wycink\u00f3w czy usuni\u0119ciu drobnych zmian. W Polsce badania endoskopowe s\u0105 najcz\u0119\u015bciej wykonywane przez gastroenterolog\u00f3w lub chirurg\u00f3w og\u00f3lnych posiadaj\u0105cych odpowiednie wyszkolenie udokumentowane certyfikatem.<br>Od wielu lat wykonuj\u0119 badania i zabiegi endoskopowe m.in. gastroskopi\u0119, kolonoskopi\u0119 czy polipektomi\u0119.<\/p>\n","protected":false},"excerpt":{"rendered":"<p>Chirurgia Chirurgia og\u00f3lna jest bardzo szerok\u0105 dziedzin\u0105 medycyny zajmuj\u0105c\u0105 si\u0119 m.in. leczeniem operacyjnym chor\u00f3b narz\u0105d\u00f3w jamy brzusznej, chorobami tkanek mi\u0119kkich, operacjami w zakresie tarczycy, chorobami \u017cy\u0142, przepuklinami i inne.Od wielu lat wykonuj\u0119 operacje z zakresu chirurgii og\u00f3lnej z dost\u0119pu laparoskopowego i otwartego, m.in.:&#8211; cholecystektomi\u0119 laparoskopow\u0105 i otwart\u0105,&#8211; plastyk\u0119 przepukliny pachwinowej metod\u0105 laparoskopow\u0105 sp. TAPP oraz [&hellip;]<\/p>\n","protected":false},"author":1,"featured_media":0,"parent":0,"menu_order":0,"comment_status":"closed","ping_status":"closed","template":"","meta":{"two_page_speed":[],"footnotes":""},"class_list":["post-137","page","type-page","status-publish","hentry"],"aioseo_notices":[],"_links":{"self":[{"href":"https:\/\/drbartoszmalek.pl\/index.php\/wp-json\/wp\/v2\/pages\/137","targetHints":{"allow":["GET"]}}],"collection":[{"href":"https:\/\/drbartoszmalek.pl\/index.php\/wp-json\/wp\/v2\/pages"}],"about":[{"href":"https:\/\/drbartoszmalek.pl\/index.php\/wp-json\/wp\/v2\/types\/page"}],"author":[{"embeddable":true,"href":"https:\/\/drbartoszmalek.pl\/index.php\/wp-json\/wp\/v2\/users\/1"}],"replies":[{"embeddable":true,"href":"https:\/\/drbartoszmalek.pl\/index.php\/wp-json\/wp\/v2\/comments?post=137"}],"version-history":[{"count":2,"href":"https:\/\/drbartoszmalek.pl\/index.php\/wp-json\/wp\/v2\/pages\/137\/revisions"}],"predecessor-version":[{"id":233,"href":"https:\/\/drbartoszmalek.pl\/index.php\/wp-json\/wp\/v2\/pages\/137\/revisions\/233"}],"wp:attachment":[{"href":"https:\/\/drbartoszmalek.pl\/index.php\/wp-json\/wp\/v2\/media?parent=137"}],"curies":[{"name":"wp","href":"https:\/\/api.w.org\/{rel}","templated":true}]}}