{"id":129,"date":"2024-12-14T20:05:59","date_gmt":"2024-12-14T20:05:59","guid":{"rendered":"https:\/\/drbartoszmalek.pl\/?page_id=129"},"modified":"2024-12-27T23:30:29","modified_gmt":"2024-12-27T23:30:29","slug":"__trashed-3","status":"publish","type":"page","link":"https:\/\/drbartoszmalek.pl\/index.php\/__trashed-3\/","title":{"rendered":"Blog"},"content":{"rendered":"\n<div class=\"wp-block-group alignwide has-global-padding is-layout-constrained wp-block-group-is-layout-constrained\" style=\"margin-top:0;margin-bottom:0;padding-top:var(--wp--preset--spacing--40);padding-bottom:var(--wp--preset--spacing--40)\">\n<div class=\"wp-block-columns alignwide is-layout-flex wp-container-core-columns-is-layout-7e464bea wp-block-columns-is-layout-flex\">\n<div class=\"wp-block-column is-layout-flow wp-block-column-is-layout-flow\" style=\"flex-basis:10%\"><\/div>\n\n\n\n<div class=\"wp-block-column is-layout-flow wp-block-column-is-layout-flow\" style=\"flex-basis:60%\">\n<div class=\"wp-block-query is-layout-flow wp-block-query-is-layout-flow\"><ul class=\"wp-block-post-template is-layout-flow wp-block-post-template-is-layout-flow\"><li class=\"wp-block-post post-245 post type-post status-publish format-standard has-post-thumbnail hentry category-flebologia tag-bole-konczyn tag-evlt tag-laserowe-leczenie-zylakow tag-zylaki tag-zylaki-konczyn-dolnych\">\n\n<article class=\"wp-block-group is-vertical is-content-justification-stretch is-layout-flex wp-container-core-group-is-layout-353c4f5a wp-block-group-is-layout-flex\"><figure class=\"wp-block-post-featured-image\"><img loading=\"lazy\" decoding=\"async\" width=\"573\" height=\"591\" src=\"https:\/\/drbartoszmalek.pl\/wp-content\/uploads\/2024\/12\/Varicose_veins-en.svg_.png\" class=\"attachment-post-thumbnail size-post-thumbnail wp-post-image\" alt=\"\" style=\"object-fit:cover;\" srcset=\"https:\/\/drbartoszmalek.pl\/wp-content\/uploads\/2024\/12\/Varicose_veins-en.svg_.png 573w, https:\/\/drbartoszmalek.pl\/wp-content\/uploads\/2024\/12\/Varicose_veins-en.svg_-291x300.png 291w\" sizes=\"auto, (max-width: 573px) 100vw, 573px\" \/><\/figure>\n\n\n<div class=\"wp-block-columns is-layout-flex wp-container-core-columns-is-layout-28f84493 wp-block-columns-is-layout-flex\">\n<div class=\"wp-block-column is-layout-flow wp-block-column-is-layout-flow\" style=\"flex-basis:100%\">\n<div class=\"wp-block-columns is-layout-flex wp-container-core-columns-is-layout-28f84493 wp-block-columns-is-layout-flex\">\n<div class=\"wp-block-column is-layout-flow wp-block-column-is-layout-flow\" style=\"flex-basis:100%\"><h2 class=\"wp-block-post-title has-large-font-size\"><a href=\"https:\/\/drbartoszmalek.pl\/index.php\/2024\/12\/27\/zylaki-konczyn-dolnych-jak-leczyc\/\" target=\"_self\" >\u017bylaki ko\u0144czyn dolnych &#8211; jak leczy\u0107?<\/a><\/h2><\/div>\n<\/div>\n<\/div>\n<\/div>\n\n\n<div class=\"wp-block-template-part\">\n<div class=\"wp-block-group has-global-padding is-layout-constrained wp-block-group-is-layout-constrained\">\n<div class=\"wp-block-group is-content-justification-left is-layout-flex wp-container-core-group-is-layout-dfe8e91f wp-block-group-is-layout-flex\"><div class=\"wp-block-post-date\"><time datetime=\"2024-12-27T23:18:01+00:00\"><a href=\"https:\/\/drbartoszmalek.pl\/index.php\/2024\/12\/27\/zylaki-konczyn-dolnych-jak-leczyc\/\">2024-12-27<\/a><\/time><\/div>\n\n\n<p class=\"has-contrast-2-color has-text-color\">\u2014<\/p>\n\n\n\n<p class=\"has-contrast-2-color has-text-color has-small-font-size\">by<\/p>\n\n\n<div class=\"wp-block-post-author-name\"><a href=\"https:\/\/drbartoszmalek.pl\/index.php\/author\/drbartosz\/\" target=\"_self\" class=\"wp-block-post-author-name__link\">Bartosz Ma\u0142ek<\/a><\/div>\n\n<div class=\"taxonomy-category wp-block-post-terms\"><span class=\"wp-block-post-terms__prefix\">in <\/span><a href=\"https:\/\/drbartoszmalek.pl\/index.php\/category\/flebologia\/\" rel=\"tag\">Flebologia<\/a><\/div><\/div>\n<\/div>\n<\/div><\/article>\n\n\n<div class=\"wp-block-post-excerpt\"><p class=\"wp-block-post-excerpt__excerpt\">\u017bylaki ko\u0144czyn dolnych s\u0105 chorob\u0105 zwi\u0105zan\u0105 z obecno\u015bci\u0105 poszerzonych, uwypuklonych \u017cy\u0142 obecnych na powierzchni ko\u0144czyny. Etiologia choroby jest bardzo z\u0142o\u017cona, lecz najcz\u0119\u015bciej zwi\u0105zana jest z niewydolno\u015bci\u0105 \u017cy\u0142y odpiszczelowej lub odstrza\u0142kowej, czyli g\u0142\u00f3wnych pni \u017cylnych uk\u0142adu powierzchownego w obr\u0119bie ko\u0144czyny dolnej.&hellip;<\/p><p class=\"wp-block-post-excerpt__more-text\"><a class=\"wp-block-post-excerpt__more-link\" href=\"https:\/\/drbartoszmalek.pl\/index.php\/2024\/12\/27\/zylaki-konczyn-dolnych-jak-leczyc\/\">Czytaj dalej<\/a><\/p><\/div>\n\n\n<div style=\"height:100px\" aria-hidden=\"true\" class=\"wp-block-spacer\"><\/div>\n\n<\/li><li class=\"wp-block-post post-238 post type-post status-publish format-standard has-post-thumbnail hentry category-chirurgia-ogolna tag-cholecystektomia-laparoskopowa tag-kamica-pecherzyka-zolciowego tag-kamica-zolciowa\">\n\n<article class=\"wp-block-group is-vertical is-content-justification-stretch is-layout-flex wp-container-core-group-is-layout-353c4f5a wp-block-group-is-layout-flex\"><figure class=\"wp-block-post-featured-image\"><img loading=\"lazy\" decoding=\"async\" width=\"1200\" height=\"675\" src=\"https:\/\/drbartoszmalek.pl\/wp-content\/uploads\/2024\/12\/Gallbladder_stones.jpg\" class=\"attachment-post-thumbnail size-post-thumbnail wp-post-image\" alt=\"\" style=\"object-fit:cover;\" srcset=\"https:\/\/drbartoszmalek.pl\/wp-content\/uploads\/2024\/12\/Gallbladder_stones.jpg 1200w, https:\/\/drbartoszmalek.pl\/wp-content\/uploads\/2024\/12\/Gallbladder_stones-300x169.jpg 300w, https:\/\/drbartoszmalek.pl\/wp-content\/uploads\/2024\/12\/Gallbladder_stones-1024x576.jpg 1024w, https:\/\/drbartoszmalek.pl\/wp-content\/uploads\/2024\/12\/Gallbladder_stones-768x432.jpg 768w, https:\/\/drbartoszmalek.pl\/wp-content\/uploads\/2024\/12\/Gallbladder_stones-600x338.jpg 600w\" sizes=\"auto, (max-width: 1200px) 100vw, 1200px\" \/><\/figure>\n\n\n<div class=\"wp-block-columns is-layout-flex wp-container-core-columns-is-layout-28f84493 wp-block-columns-is-layout-flex\">\n<div class=\"wp-block-column is-layout-flow wp-block-column-is-layout-flow\" style=\"flex-basis:100%\">\n<div class=\"wp-block-columns is-layout-flex wp-container-core-columns-is-layout-28f84493 wp-block-columns-is-layout-flex\">\n<div class=\"wp-block-column is-layout-flow wp-block-column-is-layout-flow\" style=\"flex-basis:100%\"><h2 class=\"wp-block-post-title has-large-font-size\"><a href=\"https:\/\/drbartoszmalek.pl\/index.php\/2024\/12\/27\/kamica-zolciowa-objawy-i-leczenie\/\" target=\"_self\" >Kamica \u017c\u00f3\u0142ciowa &#8211; objawy i leczenie<\/a><\/h2><\/div>\n<\/div>\n<\/div>\n<\/div>\n\n\n<div class=\"wp-block-template-part\">\n<div class=\"wp-block-group has-global-padding is-layout-constrained wp-block-group-is-layout-constrained\">\n<div class=\"wp-block-group is-content-justification-left is-layout-flex wp-container-core-group-is-layout-dfe8e91f wp-block-group-is-layout-flex\"><div class=\"wp-block-post-date\"><time datetime=\"2024-12-27T22:46:01+00:00\"><a href=\"https:\/\/drbartoszmalek.pl\/index.php\/2024\/12\/27\/kamica-zolciowa-objawy-i-leczenie\/\">2024-12-27<\/a><\/time><\/div>\n\n\n<p class=\"has-contrast-2-color has-text-color\">\u2014<\/p>\n\n\n\n<p class=\"has-contrast-2-color has-text-color has-small-font-size\">by<\/p>\n\n\n<div class=\"wp-block-post-author-name\"><a href=\"https:\/\/drbartoszmalek.pl\/index.php\/author\/drbartosz\/\" target=\"_self\" class=\"wp-block-post-author-name__link\">Bartosz Ma\u0142ek<\/a><\/div>\n\n<div class=\"taxonomy-category wp-block-post-terms\"><span class=\"wp-block-post-terms__prefix\">in <\/span><a href=\"https:\/\/drbartoszmalek.pl\/index.php\/category\/chirurgia-ogolna\/\" rel=\"tag\">Chirurgia og\u00f3lna<\/a><\/div><\/div>\n<\/div>\n<\/div><\/article>\n\n\n<div class=\"wp-block-post-excerpt\"><p class=\"wp-block-post-excerpt__excerpt\">Kamica \u017c\u00f3\u0142ciowa jest chorob\u0105 zwi\u0105zan\u0105 z obecno\u015bci\u0105 z\u0142og\u00f3w w obr\u0119bie p\u0119cherzyka \u017c\u00f3\u0142ciowego i\/lub dr\u00f3g \u017c\u00f3\u0142ciowych. Jest ona do\u015b\u0107 powszechna \u2013 szacuje si\u0119, \u017ce w krajach europejskich oko\u0142o 15-20% populacji mo\u017ce cierpie\u0107 z powodu tego schorzenia. Cz\u0119\u015bciej wyst\u0119puje u kobiet, g\u0142\u00f3wnie&hellip;<\/p><p class=\"wp-block-post-excerpt__more-text\"><a class=\"wp-block-post-excerpt__more-link\" href=\"https:\/\/drbartoszmalek.pl\/index.php\/2024\/12\/27\/kamica-zolciowa-objawy-i-leczenie\/\">Czytaj dalej<\/a><\/p><\/div>\n\n\n<div style=\"height:100px\" aria-hidden=\"true\" class=\"wp-block-spacer\"><\/div>\n\n<\/li><li class=\"wp-block-post post-1 post type-post status-publish format-standard has-post-thumbnail hentry category-chirurgia-ogolna tag-lichtenstein tag-operacja-przepukliny tag-przepuklina tag-przepuklina-pachwinowa tag-tapp\">\n\n<article class=\"wp-block-group is-vertical is-content-justification-stretch is-layout-flex wp-container-core-group-is-layout-353c4f5a wp-block-group-is-layout-flex\"><figure class=\"wp-block-post-featured-image\"><img loading=\"lazy\" decoding=\"async\" width=\"2605\" height=\"1667\" src=\"https:\/\/drbartoszmalek.pl\/wp-content\/uploads\/2024\/11\/A_man_with_an_Inguinal_Hernia.png\" class=\"attachment-post-thumbnail size-post-thumbnail wp-post-image\" alt=\"\" style=\"object-fit:cover;\" srcset=\"https:\/\/drbartoszmalek.pl\/wp-content\/uploads\/2024\/11\/A_man_with_an_Inguinal_Hernia.png 2605w, https:\/\/drbartoszmalek.pl\/wp-content\/uploads\/2024\/11\/A_man_with_an_Inguinal_Hernia-300x192.png 300w, https:\/\/drbartoszmalek.pl\/wp-content\/uploads\/2024\/11\/A_man_with_an_Inguinal_Hernia-1024x655.png 1024w, https:\/\/drbartoszmalek.pl\/wp-content\/uploads\/2024\/11\/A_man_with_an_Inguinal_Hernia-768x491.png 768w, https:\/\/drbartoszmalek.pl\/wp-content\/uploads\/2024\/11\/A_man_with_an_Inguinal_Hernia-1536x983.png 1536w, https:\/\/drbartoszmalek.pl\/wp-content\/uploads\/2024\/11\/A_man_with_an_Inguinal_Hernia-2048x1311.png 2048w, https:\/\/drbartoszmalek.pl\/wp-content\/uploads\/2024\/11\/A_man_with_an_Inguinal_Hernia-600x384.png 600w\" sizes=\"auto, (max-width: 2605px) 100vw, 2605px\" \/><\/figure>\n\n\n<div class=\"wp-block-columns is-layout-flex wp-container-core-columns-is-layout-28f84493 wp-block-columns-is-layout-flex\">\n<div class=\"wp-block-column is-layout-flow wp-block-column-is-layout-flow\" style=\"flex-basis:100%\">\n<div class=\"wp-block-columns is-layout-flex wp-container-core-columns-is-layout-28f84493 wp-block-columns-is-layout-flex\">\n<div class=\"wp-block-column is-layout-flow wp-block-column-is-layout-flow\" style=\"flex-basis:100%\"><h2 class=\"wp-block-post-title has-large-font-size\"><a href=\"https:\/\/drbartoszmalek.pl\/index.php\/2024\/11\/21\/przepuklina-pachwinowa\/\" target=\"_self\" >Przepuklina pachwinowa &#8211; objawy i leczenie<\/a><\/h2><\/div>\n<\/div>\n<\/div>\n<\/div>\n\n\n<div class=\"wp-block-template-part\">\n<div class=\"wp-block-group has-global-padding is-layout-constrained wp-block-group-is-layout-constrained\">\n<div class=\"wp-block-group is-content-justification-left is-layout-flex wp-container-core-group-is-layout-dfe8e91f wp-block-group-is-layout-flex\"><div class=\"wp-block-post-date\"><time datetime=\"2024-11-21T01:40:00+00:00\"><a href=\"https:\/\/drbartoszmalek.pl\/index.php\/2024\/11\/21\/przepuklina-pachwinowa\/\">2024-11-21<\/a><\/time><\/div>\n\n\n<p class=\"has-contrast-2-color has-text-color\">\u2014<\/p>\n\n\n\n<p class=\"has-contrast-2-color has-text-color has-small-font-size\">by<\/p>\n\n\n<div class=\"wp-block-post-author-name\"><a href=\"https:\/\/drbartoszmalek.pl\/index.php\/author\/drbartosz\/\" target=\"_self\" class=\"wp-block-post-author-name__link\">Bartosz Ma\u0142ek<\/a><\/div>\n\n<div class=\"taxonomy-category wp-block-post-terms\"><span class=\"wp-block-post-terms__prefix\">in <\/span><a href=\"https:\/\/drbartoszmalek.pl\/index.php\/category\/chirurgia-ogolna\/\" rel=\"tag\">Chirurgia og\u00f3lna<\/a><\/div><\/div>\n<\/div>\n<\/div><\/article>\n\n\n<div class=\"wp-block-post-excerpt\"><p class=\"wp-block-post-excerpt__excerpt\">Przepuklina pachwinowa jest cz\u0119st\u0105 chorob\u0105 zwi\u0105zan\u0105 z obecno\u015bci\u0105 worka przepuklinowego przechodz\u0105cego na poziomie kana\u0142u pachwinowego przez punkty zmniejszonego oporu i objawiaj\u0105c\u0105 si\u0119 pojawieniem uwypuklenia w okolicy pachwinowej powy\u017cej wi\u0119zad\u0142a pachwinowego. Zazwyczaj dochodzi do tego w trakcie wysi\u0142ku, kaszlu czy parcia.&hellip;<\/p><p class=\"wp-block-post-excerpt__more-text\"><a class=\"wp-block-post-excerpt__more-link\" href=\"https:\/\/drbartoszmalek.pl\/index.php\/2024\/11\/21\/przepuklina-pachwinowa\/\">Czytaj dalej<\/a><\/p><\/div>\n\n\n<div style=\"height:100px\" aria-hidden=\"true\" class=\"wp-block-spacer\"><\/div>\n\n<\/li><\/ul>\n\n\n\n<\/div>\n<\/div>\n\n\n\n<div class=\"wp-block-column is-layout-flow wp-block-column-is-layout-flow\" style=\"flex-basis:10%\"><\/div>\n\n\n\n<div class=\"wp-block-column is-layout-flow wp-block-column-is-layout-flow\" style=\"flex-basis:30%\"><aside class=\"wp-block-template-part\">\n<div class=\"wp-block-group is-layout-flow wp-container-core-group-is-layout-0ba1ad86 wp-block-group-is-layout-flow\" style=\"padding-right:0;padding-left:0\">\n<div class=\"wp-block-group has-global-padding is-layout-constrained wp-block-group-is-layout-constrained\" style=\"margin-top:0;margin-bottom:0\"><div class=\"wp-block-avatar\"><img alt='Awatar Bartosz Ma\u0142ek' src='https:\/\/secure.gravatar.com\/avatar\/449bfd6e1b412852864e5c851cd82f2e5cd3075a8811ac301e6decb736e5ad3d?s=80&#038;d=mm&#038;r=g' srcset='https:\/\/secure.gravatar.com\/avatar\/449bfd6e1b412852864e5c851cd82f2e5cd3075a8811ac301e6decb736e5ad3d?s=160&#038;d=mm&#038;r=g 2x' class='avatar avatar-80 photo wp-block-avatar__image' height='80' width='80'  style=\"border-radius:16px;\"\/><\/div>\n\n\n<div class=\"wp-block-group is-vertical is-layout-flex wp-container-core-group-is-layout-b2c973f4 wp-block-group-is-layout-flex\">\n<h2 class=\"wp-block-heading\" style=\"font-size:clamp(1.039rem, 1.039rem + ((1vw - 0.2rem) * 0.935), 1.6rem);\">Bartosz Ma\u0142ek<\/h2>\n\n\n\n<p class=\"has-small-font-size\">Chirurg. Flebolog. Endoskopista.<\/p>\n\n\n\n<div class=\"wp-block-columns is-layout-flex wp-container-core-columns-is-layout-28f84493 wp-block-columns-is-layout-flex\">\n<div class=\"wp-block-column is-layout-flow wp-block-column-is-layout-flow\" style=\"flex-basis:100%\">\n<p><a href=\"https:\/\/drbartoszmalek.pl\/index.php\/sample-page\/\" target=\"_blank\" rel=\"noopener\" title=\"O mnie\">O mnie<\/a><\/p>\n<\/div>\n<\/div>\n<\/div>\n<\/div>\n\n\n\n<hr class=\"wp-block-separator has-text-color has-contrast-color has-alpha-channel-opacity has-contrast-background-color has-background is-style-wide\"\/>\n\n\n\n<div class=\"wp-block-group has-global-padding is-layout-constrained wp-container-core-group-is-layout-1e17d720 wp-block-group-is-layout-constrained\">\n<h2 class=\"wp-block-heading\" style=\"font-size:clamp(1.039rem, 1.039rem + ((1vw - 0.2rem) * 0.935), 1.6rem);\">Kategorie<\/h2>\n\n\n<ul class=\"wp-block-categories-list wp-block-categories has-small-font-size\">\t<li class=\"cat-item cat-item-7\"><a href=\"https:\/\/drbartoszmalek.pl\/index.php\/category\/chirurgia-ogolna\/\">Chirurgia og\u00f3lna<\/a> (2)\n<\/li>\n\t<li class=\"cat-item cat-item-16\"><a href=\"https:\/\/drbartoszmalek.pl\/index.php\/category\/flebologia\/\">Flebologia<\/a> (1)\n<\/li>\n<\/ul><\/div>\n\n\n\n<hr class=\"wp-block-separator has-text-color has-contrast-color has-alpha-channel-opacity has-contrast-background-color has-background is-style-wide\"\/>\n\n\n\n<div class=\"wp-block-group has-global-padding is-layout-constrained wp-container-core-group-is-layout-5ad7779d wp-block-group-is-layout-constrained\">\n<div class=\"wp-block-group is-vertical is-layout-flex wp-container-core-group-is-layout-b2c973f4 wp-block-group-is-layout-flex\">\n<h2 class=\"wp-block-heading\" style=\"font-size:clamp(1.039rem, 1.039rem + ((1vw - 0.2rem) * 0.935), 1.6rem);\">Linki<\/h2>\n\n\n\n<p class=\"has-small-font-size\">Linki do stron zwi\u0105zanych z chirurgi\u0105 i flebologi\u0105.<\/p>\n<\/div>\n\n\n<nav style=\"font-style:normal;font-weight:400;\" class=\"has-small-font-size  is-vertical wp-block-navigation is-layout-flex wp-container-core-navigation-is-layout-ea0cb840 wp-block-navigation-is-layout-flex\" aria-label=\"Nawigacja\"><ul style=\"font-style:normal;font-weight:400;\" class=\"wp-block-navigation__container has-small-font-size  is-vertical wp-block-navigation has-small-font-size\"><li style=\"text-decoration:underline;\" class=\"has-small-font-size wp-block-navigation-item is-style-arrow-link wp-block-navigation-link\"><a class=\"wp-block-navigation-item__content\"  href=\"https:\/\/europeanherniasociety.eu\/patient-area\/\" target=\"_blank\"  ><span class=\"wp-block-navigation-item__label\">European Hernia Society &#8211; strefa pacjenta<\/span><\/a><\/li><li style=\"text-decoration:underline;\" class=\"has-small-font-size wp-block-navigation-item is-style-arrow-link wp-block-navigation-link\"><a class=\"wp-block-navigation-item__content\"  href=\"https:\/\/flebolodzy.pl\/\" target=\"_blank\"  ><span class=\"wp-block-navigation-item__label\">Flebolodzy.pl<\/span><\/a><\/li><\/ul><\/nav><\/div>\n\n\n\n<hr class=\"wp-block-separator has-text-color has-contrast-color has-alpha-channel-opacity has-contrast-background-color has-background is-style-wide\"\/>\n\n\n\n<div class=\"wp-block-group is-vertical is-content-justification-stretch is-layout-flex wp-container-core-group-is-layout-38a18bb4 wp-block-group-is-layout-flex\">\n<h2 class=\"wp-block-heading\" style=\"font-size:clamp(1.039rem, 1.039rem + ((1vw - 0.2rem) * 0.935), 1.6rem);\">Szukaj na stronie<\/h2>\n\n\n<form role=\"search\" method=\"get\" action=\"https:\/\/drbartoszmalek.pl\/\" class=\"wp-block-search__button-outside wp-block-search__text-button wp-block-search\"    ><label class=\"wp-block-search__label screen-reader-text\" for=\"wp-block-search__input-1\" >Search<\/label><div class=\"wp-block-search__inside-wrapper\"  style=\"width: 100%\"><input class=\"wp-block-search__input\" id=\"wp-block-search__input-1\" placeholder=\"Search...\" value=\"\" type=\"search\" name=\"s\" required \/><button aria-label=\"Search\" class=\"wp-block-search__button wp-element-button\" type=\"submit\" >Search<\/button><\/div><\/form><\/div>\n\n\n\n<div style=\"height:var(--wp--preset--spacing--10)\" aria-hidden=\"true\" class=\"wp-block-spacer\"><\/div>\n<\/div>\n<\/aside><\/div>\n\n\n\n<div class=\"wp-block-column is-layout-flow wp-block-column-is-layout-flow\" style=\"flex-basis:10%\"><\/div>\n<\/div>\n<\/div>\n","protected":false},"excerpt":{"rendered":"","protected":false},"author":1,"featured_media":0,"parent":0,"menu_order":0,"comment_status":"closed","ping_status":"closed","template":"","meta":{"two_page_speed":[],"footnotes":""},"class_list":["post-129","page","type-page","status-publish","hentry"],"aioseo_notices":[],"_links":{"self":[{"href":"https:\/\/drbartoszmalek.pl\/index.php\/wp-json\/wp\/v2\/pages\/129","targetHints":{"allow":["GET"]}}],"collection":[{"href":"https:\/\/drbartoszmalek.pl\/index.php\/wp-json\/wp\/v2\/pages"}],"about":[{"href":"https:\/\/drbartoszmalek.pl\/index.php\/wp-json\/wp\/v2\/types\/page"}],"author":[{"embeddable":true,"href":"https:\/\/drbartoszmalek.pl\/index.php\/wp-json\/wp\/v2\/users\/1"}],"replies":[{"embeddable":true,"href":"https:\/\/drbartoszmalek.pl\/index.php\/wp-json\/wp\/v2\/comments?post=129"}],"version-history":[{"count":4,"href":"https:\/\/drbartoszmalek.pl\/index.php\/wp-json\/wp\/v2\/pages\/129\/revisions"}],"predecessor-version":[{"id":252,"href":"https:\/\/drbartoszmalek.pl\/index.php\/wp-json\/wp\/v2\/pages\/129\/revisions\/252"}],"wp:attachment":[{"href":"https:\/\/drbartoszmalek.pl\/index.php\/wp-json\/wp\/v2\/media?parent=129"}],"curies":[{"name":"wp","href":"https:\/\/api.w.org\/{rel}","templated":true}]}}